{"id":9924,"date":"2025-10-12T02:30:07","date_gmt":"2025-10-12T00:30:07","guid":{"rendered":"https:\/\/shakshouka.store\/?post_type=product&#038;p=9924"},"modified":"2026-02-14T07:58:38","modified_gmt":"2026-02-14T06:58:38","slug":"bague-double-carre","status":"publish","type":"product","link":"https:\/\/shakshouka.store\/en\/boutique\/bague-double-carre\/","title":{"rendered":"bague double Carr\u00e9"},"content":{"rendered":"","protected":false},"excerpt":{"rendered":"<p>bague en laiton plaqu\u00e9 \u00e0 l&#8217;or fin 24k, r\u00e9glable<\/p>\n<p>bague vendue avec un anneau bold simple<\/p>","protected":false},"featured_media":9925,"template":"","meta":[],"product_brand":[],"product_cat":[163],"product_tag":[],"class_list":{"0":"post-9924","1":"product","2":"type-product","3":"status-publish","4":"has-post-thumbnail","6":"product_cat-bague","8":"first","9":"instock","10":"sale","11":"shipping-taxable","12":"purchasable","13":"product-type-simple"},"_links":{"self":[{"href":"https:\/\/shakshouka.store\/en\/wp-json\/wp\/v2\/product\/9924","targetHints":{"allow":["GET"]}}],"collection":[{"href":"https:\/\/shakshouka.store\/en\/wp-json\/wp\/v2\/product"}],"about":[{"href":"https:\/\/shakshouka.store\/en\/wp-json\/wp\/v2\/types\/product"}],"wp:featuredmedia":[{"embeddable":true,"href":"https:\/\/shakshouka.store\/en\/wp-json\/wp\/v2\/media\/9925"}],"wp:attachment":[{"href":"https:\/\/shakshouka.store\/en\/wp-json\/wp\/v2\/media?parent=9924"}],"wp:term":[{"taxonomy":"product_brand","embeddable":true,"href":"https:\/\/shakshouka.store\/en\/wp-json\/wp\/v2\/product_brand?post=9924"},{"taxonomy":"product_cat","embeddable":true,"href":"https:\/\/shakshouka.store\/en\/wp-json\/wp\/v2\/product_cat?post=9924"},{"taxonomy":"product_tag","embeddable":true,"href":"https:\/\/shakshouka.store\/en\/wp-json\/wp\/v2\/product_tag?post=9924"}],"curies":[{"name":"wp","href":"https:\/\/api.w.org\/{rel}","templated":true}]}}