{"id":9921,"date":"2025-10-12T00:39:09","date_gmt":"2025-10-11T22:39:09","guid":{"rendered":"https:\/\/shakshouka.store\/?post_type=product&#038;p=9921"},"modified":"2026-02-14T08:02:00","modified_gmt":"2026-02-14T07:02:00","slug":"bague-dentellissimo-gold","status":"publish","type":"product","link":"https:\/\/shakshouka.store\/en\/boutique\/bague-dentellissimo-gold\/","title":{"rendered":"Bague Dentellissimo Gold"},"content":{"rendered":"","protected":false},"excerpt":{"rendered":"<p>bague en Laiton plaqu\u00e9 \u00e0 l&#8217;or 24k, r\u00e9glable<\/p>","protected":false},"featured_media":9922,"template":"","meta":[],"product_brand":[],"product_cat":[163],"product_tag":[],"class_list":{"0":"post-9921","1":"product","2":"type-product","3":"status-publish","4":"has-post-thumbnail","6":"product_cat-bague","8":"first","9":"instock","10":"sale","11":"shipping-taxable","12":"purchasable","13":"product-type-simple"},"_links":{"self":[{"href":"https:\/\/shakshouka.store\/en\/wp-json\/wp\/v2\/product\/9921","targetHints":{"allow":["GET"]}}],"collection":[{"href":"https:\/\/shakshouka.store\/en\/wp-json\/wp\/v2\/product"}],"about":[{"href":"https:\/\/shakshouka.store\/en\/wp-json\/wp\/v2\/types\/product"}],"wp:featuredmedia":[{"embeddable":true,"href":"https:\/\/shakshouka.store\/en\/wp-json\/wp\/v2\/media\/9922"}],"wp:attachment":[{"href":"https:\/\/shakshouka.store\/en\/wp-json\/wp\/v2\/media?parent=9921"}],"wp:term":[{"taxonomy":"product_brand","embeddable":true,"href":"https:\/\/shakshouka.store\/en\/wp-json\/wp\/v2\/product_brand?post=9921"},{"taxonomy":"product_cat","embeddable":true,"href":"https:\/\/shakshouka.store\/en\/wp-json\/wp\/v2\/product_cat?post=9921"},{"taxonomy":"product_tag","embeddable":true,"href":"https:\/\/shakshouka.store\/en\/wp-json\/wp\/v2\/product_tag?post=9921"}],"curies":[{"name":"wp","href":"https:\/\/api.w.org\/{rel}","templated":true}]}}