{"id":9917,"date":"2025-10-11T23:39:42","date_gmt":"2025-10-11T21:39:42","guid":{"rendered":"https:\/\/shakshouka.store\/?post_type=product&#038;p=9917"},"modified":"2025-11-28T12:52:35","modified_gmt":"2025-11-28T11:52:35","slug":"collier-chromatique-bling","status":"publish","type":"product","link":"https:\/\/shakshouka.store\/en\/boutique\/collier-chromatique-bling\/","title":{"rendered":"Collier Chromatique Bling"},"content":{"rendered":"","protected":false},"excerpt":{"rendered":"<p>collier en laiton plaqu\u00e9 \u00e0 l&#8217;or 24k, chaine 45cm r\u00e9glable<\/p>","protected":false},"featured_media":9918,"template":"","meta":[],"product_brand":[],"product_cat":[165],"product_tag":[],"class_list":{"0":"post-9917","1":"product","2":"type-product","3":"status-publish","4":"has-post-thumbnail","6":"product_cat-colliers","8":"first","9":"instock","10":"sale","11":"shipping-taxable","12":"purchasable","13":"product-type-simple"},"_links":{"self":[{"href":"https:\/\/shakshouka.store\/en\/wp-json\/wp\/v2\/product\/9917","targetHints":{"allow":["GET"]}}],"collection":[{"href":"https:\/\/shakshouka.store\/en\/wp-json\/wp\/v2\/product"}],"about":[{"href":"https:\/\/shakshouka.store\/en\/wp-json\/wp\/v2\/types\/product"}],"wp:featuredmedia":[{"embeddable":true,"href":"https:\/\/shakshouka.store\/en\/wp-json\/wp\/v2\/media\/9918"}],"wp:attachment":[{"href":"https:\/\/shakshouka.store\/en\/wp-json\/wp\/v2\/media?parent=9917"}],"wp:term":[{"taxonomy":"product_brand","embeddable":true,"href":"https:\/\/shakshouka.store\/en\/wp-json\/wp\/v2\/product_brand?post=9917"},{"taxonomy":"product_cat","embeddable":true,"href":"https:\/\/shakshouka.store\/en\/wp-json\/wp\/v2\/product_cat?post=9917"},{"taxonomy":"product_tag","embeddable":true,"href":"https:\/\/shakshouka.store\/en\/wp-json\/wp\/v2\/product_tag?post=9917"}],"curies":[{"name":"wp","href":"https:\/\/api.w.org\/{rel}","templated":true}]}}