{"id":9904,"date":"2025-10-09T23:18:29","date_gmt":"2025-10-09T21:18:29","guid":{"rendered":"https:\/\/shakshouka.store\/?post_type=product&#038;p=9904"},"modified":"2026-03-25T09:43:36","modified_gmt":"2026-03-25T08:43:36","slug":"fairy-love","status":"publish","type":"product","link":"https:\/\/shakshouka.store\/en\/boutique\/fairy-love\/","title":{"rendered":"Fairy Love"},"content":{"rendered":"","protected":false},"excerpt":{"rendered":"<p>collier en laiton plaqu\u00e9 \u00e0 l&#8217;or fin 24k, chaine r\u00e9glable<\/p>","protected":false},"featured_media":9905,"template":"","meta":[],"product_brand":[],"product_cat":[165],"product_tag":[],"class_list":{"0":"post-9904","1":"product","2":"type-product","3":"status-publish","4":"has-post-thumbnail","6":"product_cat-colliers","8":"first","9":"instock","10":"sale","11":"shipping-taxable","12":"purchasable","13":"product-type-simple"},"_links":{"self":[{"href":"https:\/\/shakshouka.store\/en\/wp-json\/wp\/v2\/product\/9904","targetHints":{"allow":["GET"]}}],"collection":[{"href":"https:\/\/shakshouka.store\/en\/wp-json\/wp\/v2\/product"}],"about":[{"href":"https:\/\/shakshouka.store\/en\/wp-json\/wp\/v2\/types\/product"}],"wp:featuredmedia":[{"embeddable":true,"href":"https:\/\/shakshouka.store\/en\/wp-json\/wp\/v2\/media\/9905"}],"wp:attachment":[{"href":"https:\/\/shakshouka.store\/en\/wp-json\/wp\/v2\/media?parent=9904"}],"wp:term":[{"taxonomy":"product_brand","embeddable":true,"href":"https:\/\/shakshouka.store\/en\/wp-json\/wp\/v2\/product_brand?post=9904"},{"taxonomy":"product_cat","embeddable":true,"href":"https:\/\/shakshouka.store\/en\/wp-json\/wp\/v2\/product_cat?post=9904"},{"taxonomy":"product_tag","embeddable":true,"href":"https:\/\/shakshouka.store\/en\/wp-json\/wp\/v2\/product_tag?post=9904"}],"curies":[{"name":"wp","href":"https:\/\/api.w.org\/{rel}","templated":true}]}}