{"id":9641,"date":"2025-03-24T23:55:31","date_gmt":"2025-03-24T22:55:31","guid":{"rendered":"https:\/\/shakshouka.store\/?post_type=product&#038;p=9641"},"modified":"2026-03-15T11:49:05","modified_gmt":"2026-03-15T10:49:05","slug":"collier-clair-de-lune","status":"publish","type":"product","link":"https:\/\/shakshouka.store\/en\/boutique\/collier-clair-de-lune\/","title":{"rendered":"collier Clair de Lune"},"content":{"rendered":"","protected":false},"excerpt":{"rendered":"<p>chaine et pendentif en laiton plaqu\u00e9 \u00e0 l&#8217;or fin 24k, r\u00e9glable, 45cm<\/p>","protected":false},"featured_media":9642,"template":"","meta":[],"product_brand":[],"product_cat":[165],"product_tag":[],"class_list":{"0":"post-9641","1":"product","2":"type-product","3":"status-publish","4":"has-post-thumbnail","6":"product_cat-colliers","8":"first","9":"outofstock","10":"shipping-taxable","11":"purchasable","12":"product-type-simple"},"_links":{"self":[{"href":"https:\/\/shakshouka.store\/en\/wp-json\/wp\/v2\/product\/9641","targetHints":{"allow":["GET"]}}],"collection":[{"href":"https:\/\/shakshouka.store\/en\/wp-json\/wp\/v2\/product"}],"about":[{"href":"https:\/\/shakshouka.store\/en\/wp-json\/wp\/v2\/types\/product"}],"wp:featuredmedia":[{"embeddable":true,"href":"https:\/\/shakshouka.store\/en\/wp-json\/wp\/v2\/media\/9642"}],"wp:attachment":[{"href":"https:\/\/shakshouka.store\/en\/wp-json\/wp\/v2\/media?parent=9641"}],"wp:term":[{"taxonomy":"product_brand","embeddable":true,"href":"https:\/\/shakshouka.store\/en\/wp-json\/wp\/v2\/product_brand?post=9641"},{"taxonomy":"product_cat","embeddable":true,"href":"https:\/\/shakshouka.store\/en\/wp-json\/wp\/v2\/product_cat?post=9641"},{"taxonomy":"product_tag","embeddable":true,"href":"https:\/\/shakshouka.store\/en\/wp-json\/wp\/v2\/product_tag?post=9641"}],"curies":[{"name":"wp","href":"https:\/\/api.w.org\/{rel}","templated":true}]}}