{"id":9639,"date":"2025-03-24T23:52:47","date_gmt":"2025-03-24T22:52:47","guid":{"rendered":"https:\/\/shakshouka.store\/?post_type=product&#038;p=9639"},"modified":"2025-09-01T19:13:06","modified_gmt":"2025-09-01T17:13:06","slug":"collier-eye-mania","status":"publish","type":"product","link":"https:\/\/shakshouka.store\/en\/boutique\/collier-eye-mania\/","title":{"rendered":"collier Eye Mania"},"content":{"rendered":"","protected":false},"excerpt":{"rendered":"<p>chaine et pendentif\u00a0 en laiton plaqu\u00e9 \u00e0 l&#8217;or fin 24k, r\u00e9glable, 45cm<\/p>\n<p>&nbsp;<\/p>","protected":false},"featured_media":9640,"template":"","meta":[],"product_brand":[],"product_cat":[165],"product_tag":[],"class_list":{"0":"post-9639","1":"product","2":"type-product","3":"status-publish","4":"has-post-thumbnail","6":"product_cat-colliers","8":"first","9":"instock","10":"sale","11":"shipping-taxable","12":"purchasable","13":"product-type-simple"},"_links":{"self":[{"href":"https:\/\/shakshouka.store\/en\/wp-json\/wp\/v2\/product\/9639","targetHints":{"allow":["GET"]}}],"collection":[{"href":"https:\/\/shakshouka.store\/en\/wp-json\/wp\/v2\/product"}],"about":[{"href":"https:\/\/shakshouka.store\/en\/wp-json\/wp\/v2\/types\/product"}],"wp:featuredmedia":[{"embeddable":true,"href":"https:\/\/shakshouka.store\/en\/wp-json\/wp\/v2\/media\/9640"}],"wp:attachment":[{"href":"https:\/\/shakshouka.store\/en\/wp-json\/wp\/v2\/media?parent=9639"}],"wp:term":[{"taxonomy":"product_brand","embeddable":true,"href":"https:\/\/shakshouka.store\/en\/wp-json\/wp\/v2\/product_brand?post=9639"},{"taxonomy":"product_cat","embeddable":true,"href":"https:\/\/shakshouka.store\/en\/wp-json\/wp\/v2\/product_cat?post=9639"},{"taxonomy":"product_tag","embeddable":true,"href":"https:\/\/shakshouka.store\/en\/wp-json\/wp\/v2\/product_tag?post=9639"}],"curies":[{"name":"wp","href":"https:\/\/api.w.org\/{rel}","templated":true}]}}