{"id":9636,"date":"2025-03-24T23:46:53","date_gmt":"2025-03-24T22:46:53","guid":{"rendered":"https:\/\/shakshouka.store\/?post_type=product&#038;p=9636"},"modified":"2026-04-17T12:21:48","modified_gmt":"2026-04-17T10:21:48","slug":"collier-chance-nacre","status":"publish","type":"product","link":"https:\/\/shakshouka.store\/en\/boutique\/collier-chance-nacre\/","title":{"rendered":"collier Chance Nacre"},"content":{"rendered":"<p>chaine en laiton plaqu\u00e9 \u00e0 l&#8217;or fin 24k , r\u00e9glable, 60cm<\/p>\n<p>pendentif en Nacre et cristaux<\/p>","protected":false},"excerpt":{"rendered":"<p>chaine en laiton plaqu\u00e9 \u00e0 l&#8217;or fin 24k , r\u00e9glable, 60cm pendentif en Nacre et cristaux<\/p>","protected":false},"featured_media":9637,"template":"","meta":[],"product_brand":[],"product_cat":[165],"product_tag":[],"class_list":{"0":"post-9636","1":"product","2":"type-product","3":"status-publish","4":"has-post-thumbnail","6":"product_cat-colliers","8":"first","9":"instock","10":"sale","11":"shipping-taxable","12":"purchasable","13":"product-type-simple"},"_links":{"self":[{"href":"https:\/\/shakshouka.store\/en\/wp-json\/wp\/v2\/product\/9636","targetHints":{"allow":["GET"]}}],"collection":[{"href":"https:\/\/shakshouka.store\/en\/wp-json\/wp\/v2\/product"}],"about":[{"href":"https:\/\/shakshouka.store\/en\/wp-json\/wp\/v2\/types\/product"}],"wp:featuredmedia":[{"embeddable":true,"href":"https:\/\/shakshouka.store\/en\/wp-json\/wp\/v2\/media\/9637"}],"wp:attachment":[{"href":"https:\/\/shakshouka.store\/en\/wp-json\/wp\/v2\/media?parent=9636"}],"wp:term":[{"taxonomy":"product_brand","embeddable":true,"href":"https:\/\/shakshouka.store\/en\/wp-json\/wp\/v2\/product_brand?post=9636"},{"taxonomy":"product_cat","embeddable":true,"href":"https:\/\/shakshouka.store\/en\/wp-json\/wp\/v2\/product_cat?post=9636"},{"taxonomy":"product_tag","embeddable":true,"href":"https:\/\/shakshouka.store\/en\/wp-json\/wp\/v2\/product_tag?post=9636"}],"curies":[{"name":"wp","href":"https:\/\/api.w.org\/{rel}","templated":true}]}}