{"id":9192,"date":"2024-07-06T21:12:27","date_gmt":"2024-07-06T19:12:27","guid":{"rendered":"https:\/\/shakshouka.store\/?post_type=product&#038;p=9192"},"modified":"2025-01-25T16:37:32","modified_gmt":"2025-01-25T15:37:32","slug":"bague-twist","status":"publish","type":"product","link":"https:\/\/shakshouka.store\/en\/boutique\/bague-twist\/","title":{"rendered":"Bague Twist"},"content":{"rendered":"","protected":false},"excerpt":{"rendered":"<p>bague en laiton plaqu\u00e9 \u00e0 l&#8217;or fin 24k , r\u00e9glable<\/p>","protected":false},"featured_media":9177,"template":"","meta":[],"product_brand":[],"product_cat":[163],"product_tag":[],"class_list":{"0":"post-9192","1":"product","2":"type-product","3":"status-publish","4":"has-post-thumbnail","6":"product_cat-bague","8":"first","9":"outofstock","10":"shipping-taxable","11":"purchasable","12":"product-type-simple"},"_links":{"self":[{"href":"https:\/\/shakshouka.store\/en\/wp-json\/wp\/v2\/product\/9192","targetHints":{"allow":["GET"]}}],"collection":[{"href":"https:\/\/shakshouka.store\/en\/wp-json\/wp\/v2\/product"}],"about":[{"href":"https:\/\/shakshouka.store\/en\/wp-json\/wp\/v2\/types\/product"}],"wp:featuredmedia":[{"embeddable":true,"href":"https:\/\/shakshouka.store\/en\/wp-json\/wp\/v2\/media\/9177"}],"wp:attachment":[{"href":"https:\/\/shakshouka.store\/en\/wp-json\/wp\/v2\/media?parent=9192"}],"wp:term":[{"taxonomy":"product_brand","embeddable":true,"href":"https:\/\/shakshouka.store\/en\/wp-json\/wp\/v2\/product_brand?post=9192"},{"taxonomy":"product_cat","embeddable":true,"href":"https:\/\/shakshouka.store\/en\/wp-json\/wp\/v2\/product_cat?post=9192"},{"taxonomy":"product_tag","embeddable":true,"href":"https:\/\/shakshouka.store\/en\/wp-json\/wp\/v2\/product_tag?post=9192"}],"curies":[{"name":"wp","href":"https:\/\/api.w.org\/{rel}","templated":true}]}}