{"id":9171,"date":"2024-07-06T02:10:22","date_gmt":"2024-07-06T00:10:22","guid":{"rendered":"https:\/\/shakshouka.store\/?post_type=product&#038;p=9171"},"modified":"2025-01-17T13:15:24","modified_gmt":"2025-01-17T12:15:24","slug":"bague-so-you","status":"publish","type":"product","link":"https:\/\/shakshouka.store\/en\/boutique\/bague-so-you\/","title":{"rendered":"Bague So You"},"content":{"rendered":"","protected":false},"excerpt":{"rendered":"<p>Bague en laiton plaqu\u00e9 \u00e0 l&#8217;or fin 24k, r\u00e9glable<\/p>","protected":false},"featured_media":9172,"template":"","meta":[],"product_brand":[],"product_cat":[163],"product_tag":[],"class_list":{"0":"post-9171","1":"product","2":"type-product","3":"status-publish","4":"has-post-thumbnail","6":"product_cat-bague","8":"first","9":"instock","10":"shipping-taxable","11":"purchasable","12":"product-type-simple"},"_links":{"self":[{"href":"https:\/\/shakshouka.store\/en\/wp-json\/wp\/v2\/product\/9171","targetHints":{"allow":["GET"]}}],"collection":[{"href":"https:\/\/shakshouka.store\/en\/wp-json\/wp\/v2\/product"}],"about":[{"href":"https:\/\/shakshouka.store\/en\/wp-json\/wp\/v2\/types\/product"}],"wp:featuredmedia":[{"embeddable":true,"href":"https:\/\/shakshouka.store\/en\/wp-json\/wp\/v2\/media\/9172"}],"wp:attachment":[{"href":"https:\/\/shakshouka.store\/en\/wp-json\/wp\/v2\/media?parent=9171"}],"wp:term":[{"taxonomy":"product_brand","embeddable":true,"href":"https:\/\/shakshouka.store\/en\/wp-json\/wp\/v2\/product_brand?post=9171"},{"taxonomy":"product_cat","embeddable":true,"href":"https:\/\/shakshouka.store\/en\/wp-json\/wp\/v2\/product_cat?post=9171"},{"taxonomy":"product_tag","embeddable":true,"href":"https:\/\/shakshouka.store\/en\/wp-json\/wp\/v2\/product_tag?post=9171"}],"curies":[{"name":"wp","href":"https:\/\/api.w.org\/{rel}","templated":true}]}}