{"id":8473,"date":"2023-12-10T02:18:48","date_gmt":"2023-12-10T01:18:48","guid":{"rendered":"https:\/\/shakshouka.store\/?post_type=product&#038;p=8473"},"modified":"2025-06-19T18:32:17","modified_gmt":"2025-06-19T16:32:17","slug":"collier-fabulous-bird","status":"publish","type":"product","link":"https:\/\/shakshouka.store\/en\/boutique\/collier-fabulous-bird\/","title":{"rendered":"collier Fabulous Bird"},"content":{"rendered":"<p>pendentif en laiton plaqu\u00e9 \u00e0 l&#8217;or fin 24k et cristal<br \/>\nchaine en argent tremp\u00e9 or 60cm, r\u00e9glable<\/p>","protected":false},"excerpt":{"rendered":"<p>pendentif en laiton plaqu\u00e9 \u00e0 l&#8217;or fin 24k et cristal chaine en argent tremp\u00e9 or 60cm, r\u00e9glable<\/p>","protected":false},"featured_media":8474,"template":"","meta":[],"product_brand":[],"product_cat":[165],"product_tag":[],"class_list":{"0":"post-8473","1":"product","2":"type-product","3":"status-publish","4":"has-post-thumbnail","6":"product_cat-colliers","8":"first","9":"instock","10":"sale","11":"shipping-taxable","12":"purchasable","13":"product-type-simple"},"_links":{"self":[{"href":"https:\/\/shakshouka.store\/en\/wp-json\/wp\/v2\/product\/8473","targetHints":{"allow":["GET"]}}],"collection":[{"href":"https:\/\/shakshouka.store\/en\/wp-json\/wp\/v2\/product"}],"about":[{"href":"https:\/\/shakshouka.store\/en\/wp-json\/wp\/v2\/types\/product"}],"wp:featuredmedia":[{"embeddable":true,"href":"https:\/\/shakshouka.store\/en\/wp-json\/wp\/v2\/media\/8474"}],"wp:attachment":[{"href":"https:\/\/shakshouka.store\/en\/wp-json\/wp\/v2\/media?parent=8473"}],"wp:term":[{"taxonomy":"product_brand","embeddable":true,"href":"https:\/\/shakshouka.store\/en\/wp-json\/wp\/v2\/product_brand?post=8473"},{"taxonomy":"product_cat","embeddable":true,"href":"https:\/\/shakshouka.store\/en\/wp-json\/wp\/v2\/product_cat?post=8473"},{"taxonomy":"product_tag","embeddable":true,"href":"https:\/\/shakshouka.store\/en\/wp-json\/wp\/v2\/product_tag?post=8473"}],"curies":[{"name":"wp","href":"https:\/\/api.w.org\/{rel}","templated":true}]}}