{"id":8459,"date":"2023-12-07T00:51:55","date_gmt":"2023-12-06T23:51:55","guid":{"rendered":"https:\/\/shakshouka.store\/?post_type=product&#038;p=8459"},"modified":"2026-05-12T12:45:23","modified_gmt":"2026-05-12T10:45:23","slug":"collier-cosmos","status":"publish","type":"product","link":"https:\/\/shakshouka.store\/en\/boutique\/collier-cosmos\/","title":{"rendered":"collier Cosmos"},"content":{"rendered":"<p>collier en laiton plaqu\u00e9 \u00e0 l&#8217;or fin 24k<br \/>\nchaine 45cm r\u00e9glable<\/p>","protected":false},"excerpt":{"rendered":"<p>collier en laiton plaqu\u00e9 \u00e0 l&#8217;or fin 24k chaine 45cm r\u00e9glable<\/p>","protected":false},"featured_media":8460,"template":"","meta":[],"product_brand":[],"product_cat":[165],"product_tag":[],"class_list":{"0":"post-8459","1":"product","2":"type-product","3":"status-publish","4":"has-post-thumbnail","6":"product_cat-colliers","8":"first","9":"instock","10":"shipping-taxable","11":"purchasable","12":"product-type-simple"},"_links":{"self":[{"href":"https:\/\/shakshouka.store\/en\/wp-json\/wp\/v2\/product\/8459","targetHints":{"allow":["GET"]}}],"collection":[{"href":"https:\/\/shakshouka.store\/en\/wp-json\/wp\/v2\/product"}],"about":[{"href":"https:\/\/shakshouka.store\/en\/wp-json\/wp\/v2\/types\/product"}],"wp:featuredmedia":[{"embeddable":true,"href":"https:\/\/shakshouka.store\/en\/wp-json\/wp\/v2\/media\/8460"}],"wp:attachment":[{"href":"https:\/\/shakshouka.store\/en\/wp-json\/wp\/v2\/media?parent=8459"}],"wp:term":[{"taxonomy":"product_brand","embeddable":true,"href":"https:\/\/shakshouka.store\/en\/wp-json\/wp\/v2\/product_brand?post=8459"},{"taxonomy":"product_cat","embeddable":true,"href":"https:\/\/shakshouka.store\/en\/wp-json\/wp\/v2\/product_cat?post=8459"},{"taxonomy":"product_tag","embeddable":true,"href":"https:\/\/shakshouka.store\/en\/wp-json\/wp\/v2\/product_tag?post=8459"}],"curies":[{"name":"wp","href":"https:\/\/api.w.org\/{rel}","templated":true}]}}