{"id":8371,"date":"2023-12-06T14:45:43","date_gmt":"2023-12-06T13:45:43","guid":{"rendered":"https:\/\/shakshouka.store\/?post_type=product&#038;p=8371"},"modified":"2026-04-10T19:44:44","modified_gmt":"2026-04-10T17:44:44","slug":"bague-triumph","status":"publish","type":"product","link":"https:\/\/shakshouka.store\/en\/boutique\/bague-triumph\/","title":{"rendered":"bague Triumph"},"content":{"rendered":"<p>bague r\u00e9glable en laiton plaqu\u00e9 \u00e0 l&#8217;or fin 24k et de la Nacre<br \/>\nbague r\u00e9glable<\/p>","protected":false},"excerpt":{"rendered":"<p>bague r\u00e9glable en laiton plaqu\u00e9 \u00e0 l&#8217;or fin 24k et de la Nacre bague r\u00e9glable<\/p>","protected":false},"featured_media":8375,"template":"","meta":[],"product_brand":[],"product_cat":[163],"product_tag":[],"class_list":{"0":"post-8371","1":"product","2":"type-product","3":"status-publish","4":"has-post-thumbnail","6":"product_cat-bague","8":"first","9":"outofstock","10":"sale","11":"shipping-taxable","12":"purchasable","13":"product-type-simple"},"_links":{"self":[{"href":"https:\/\/shakshouka.store\/en\/wp-json\/wp\/v2\/product\/8371","targetHints":{"allow":["GET"]}}],"collection":[{"href":"https:\/\/shakshouka.store\/en\/wp-json\/wp\/v2\/product"}],"about":[{"href":"https:\/\/shakshouka.store\/en\/wp-json\/wp\/v2\/types\/product"}],"wp:featuredmedia":[{"embeddable":true,"href":"https:\/\/shakshouka.store\/en\/wp-json\/wp\/v2\/media\/8375"}],"wp:attachment":[{"href":"https:\/\/shakshouka.store\/en\/wp-json\/wp\/v2\/media?parent=8371"}],"wp:term":[{"taxonomy":"product_brand","embeddable":true,"href":"https:\/\/shakshouka.store\/en\/wp-json\/wp\/v2\/product_brand?post=8371"},{"taxonomy":"product_cat","embeddable":true,"href":"https:\/\/shakshouka.store\/en\/wp-json\/wp\/v2\/product_cat?post=8371"},{"taxonomy":"product_tag","embeddable":true,"href":"https:\/\/shakshouka.store\/en\/wp-json\/wp\/v2\/product_tag?post=8371"}],"curies":[{"name":"wp","href":"https:\/\/api.w.org\/{rel}","templated":true}]}}