{"id":8359,"date":"2023-12-06T13:14:37","date_gmt":"2023-12-06T12:14:37","guid":{"rendered":"https:\/\/shakshouka.store\/?post_type=product&#038;p=8359"},"modified":"2026-03-24T19:01:04","modified_gmt":"2026-03-24T18:01:04","slug":"collier-khomssa-imperiale","status":"publish","type":"product","link":"https:\/\/shakshouka.store\/en\/boutique\/collier-khomssa-imperiale\/","title":{"rendered":"collier Khomssa Imperiale"},"content":{"rendered":"<p>pendentif en laiton plaqu\u00e9 \u00e0 l&#8217;or fin 24kb et cristaux<br \/>\nchaine en argent r\u00e9glable tremp\u00e9 or 60cm<\/p>","protected":false},"excerpt":{"rendered":"<p>pendentif en laiton plaqu\u00e9 \u00e0 l&#8217;or fin 24kb et cristaux chaine en argent r\u00e9glable tremp\u00e9 or 60cm<\/p>","protected":false},"featured_media":8363,"template":"","meta":[],"product_brand":[],"product_cat":[165],"product_tag":[],"class_list":{"0":"post-8359","1":"product","2":"type-product","3":"status-publish","4":"has-post-thumbnail","6":"product_cat-colliers","8":"first","9":"instock","10":"sale","11":"shipping-taxable","12":"purchasable","13":"product-type-simple"},"_links":{"self":[{"href":"https:\/\/shakshouka.store\/en\/wp-json\/wp\/v2\/product\/8359","targetHints":{"allow":["GET"]}}],"collection":[{"href":"https:\/\/shakshouka.store\/en\/wp-json\/wp\/v2\/product"}],"about":[{"href":"https:\/\/shakshouka.store\/en\/wp-json\/wp\/v2\/types\/product"}],"wp:featuredmedia":[{"embeddable":true,"href":"https:\/\/shakshouka.store\/en\/wp-json\/wp\/v2\/media\/8363"}],"wp:attachment":[{"href":"https:\/\/shakshouka.store\/en\/wp-json\/wp\/v2\/media?parent=8359"}],"wp:term":[{"taxonomy":"product_brand","embeddable":true,"href":"https:\/\/shakshouka.store\/en\/wp-json\/wp\/v2\/product_brand?post=8359"},{"taxonomy":"product_cat","embeddable":true,"href":"https:\/\/shakshouka.store\/en\/wp-json\/wp\/v2\/product_cat?post=8359"},{"taxonomy":"product_tag","embeddable":true,"href":"https:\/\/shakshouka.store\/en\/wp-json\/wp\/v2\/product_tag?post=8359"}],"curies":[{"name":"wp","href":"https:\/\/api.w.org\/{rel}","templated":true}]}}