{"id":8350,"date":"2023-12-06T11:59:56","date_gmt":"2023-12-06T10:59:56","guid":{"rendered":"https:\/\/shakshouka.store\/?post_type=product&#038;p=8350"},"modified":"2026-03-19T02:03:37","modified_gmt":"2026-03-19T01:03:37","slug":"collier-fabulous-elephant-chaine-boules","status":"publish","type":"product","link":"https:\/\/shakshouka.store\/en\/boutique\/collier-fabulous-elephant-chaine-boules\/","title":{"rendered":"collier Fabulous Elephant (chaine Boules)"},"content":{"rendered":"<p>pendentif en laiton plaqu\u00e9 \u00e0 l&#8217;or fin 24kb et cristal<br \/>\nchaine r\u00e9glable 60 cm en argent tremp\u00e9 or <\/p>","protected":false},"excerpt":{"rendered":"<p>pendentif en laiton plaqu\u00e9 \u00e0 l&#8217;or fin 24kb et cristal chaine r\u00e9glable 60 cm en argent tremp\u00e9 or<\/p>","protected":false},"featured_media":8351,"template":"","meta":[],"product_brand":[],"product_cat":[165],"product_tag":[],"class_list":{"0":"post-8350","1":"product","2":"type-product","3":"status-publish","4":"has-post-thumbnail","6":"product_cat-colliers","8":"first","9":"instock","10":"sale","11":"shipping-taxable","12":"purchasable","13":"product-type-simple"},"_links":{"self":[{"href":"https:\/\/shakshouka.store\/en\/wp-json\/wp\/v2\/product\/8350","targetHints":{"allow":["GET"]}}],"collection":[{"href":"https:\/\/shakshouka.store\/en\/wp-json\/wp\/v2\/product"}],"about":[{"href":"https:\/\/shakshouka.store\/en\/wp-json\/wp\/v2\/types\/product"}],"wp:featuredmedia":[{"embeddable":true,"href":"https:\/\/shakshouka.store\/en\/wp-json\/wp\/v2\/media\/8351"}],"wp:attachment":[{"href":"https:\/\/shakshouka.store\/en\/wp-json\/wp\/v2\/media?parent=8350"}],"wp:term":[{"taxonomy":"product_brand","embeddable":true,"href":"https:\/\/shakshouka.store\/en\/wp-json\/wp\/v2\/product_brand?post=8350"},{"taxonomy":"product_cat","embeddable":true,"href":"https:\/\/shakshouka.store\/en\/wp-json\/wp\/v2\/product_cat?post=8350"},{"taxonomy":"product_tag","embeddable":true,"href":"https:\/\/shakshouka.store\/en\/wp-json\/wp\/v2\/product_tag?post=8350"}],"curies":[{"name":"wp","href":"https:\/\/api.w.org\/{rel}","templated":true}]}}