{"id":7339,"date":"2023-03-31T04:31:58","date_gmt":"2023-03-31T02:31:58","guid":{"rendered":"https:\/\/shakshouka.store\/?post_type=product&#038;p=7339"},"modified":"2024-09-16T09:40:39","modified_gmt":"2024-09-16T07:40:39","slug":"collier-bubble-houta-turquoise","status":"publish","type":"product","link":"https:\/\/shakshouka.store\/en\/boutique\/collier-bubble-houta-turquoise\/","title":{"rendered":"collier BUBBLE HOUTA (turquoise)"},"content":{"rendered":"<p>laiton plaqu\u00e9 \u00e0 l&#8217;or fin 24k<br \/>\nchaine 55cm r\u00e9glable<\/p>","protected":false},"excerpt":{"rendered":"<p>laiton plaqu\u00e9 \u00e0 l&#8217;or fin 24k chaine 55cm r\u00e9glable<\/p>","protected":false},"featured_media":8532,"template":"","meta":[],"product_brand":[],"product_cat":[165],"product_tag":[],"class_list":{"0":"post-7339","1":"product","2":"type-product","3":"status-publish","4":"has-post-thumbnail","6":"product_cat-colliers","8":"first","9":"outofstock","10":"sale","11":"shipping-taxable","12":"purchasable","13":"product-type-simple"},"_links":{"self":[{"href":"https:\/\/shakshouka.store\/en\/wp-json\/wp\/v2\/product\/7339","targetHints":{"allow":["GET"]}}],"collection":[{"href":"https:\/\/shakshouka.store\/en\/wp-json\/wp\/v2\/product"}],"about":[{"href":"https:\/\/shakshouka.store\/en\/wp-json\/wp\/v2\/types\/product"}],"wp:featuredmedia":[{"embeddable":true,"href":"https:\/\/shakshouka.store\/en\/wp-json\/wp\/v2\/media\/8532"}],"wp:attachment":[{"href":"https:\/\/shakshouka.store\/en\/wp-json\/wp\/v2\/media?parent=7339"}],"wp:term":[{"taxonomy":"product_brand","embeddable":true,"href":"https:\/\/shakshouka.store\/en\/wp-json\/wp\/v2\/product_brand?post=7339"},{"taxonomy":"product_cat","embeddable":true,"href":"https:\/\/shakshouka.store\/en\/wp-json\/wp\/v2\/product_cat?post=7339"},{"taxonomy":"product_tag","embeddable":true,"href":"https:\/\/shakshouka.store\/en\/wp-json\/wp\/v2\/product_tag?post=7339"}],"curies":[{"name":"wp","href":"https:\/\/api.w.org\/{rel}","templated":true}]}}