{"id":7027,"date":"2022-12-10T02:12:09","date_gmt":"2022-12-10T01:12:09","guid":{"rendered":"https:\/\/shakshouka.store\/?post_type=product&#038;p=7027"},"modified":"2024-08-15T18:30:45","modified_gmt":"2024-08-15T16:30:45","slug":"collier-petit-trefle","status":"publish","type":"product","link":"https:\/\/shakshouka.store\/en\/boutique\/collier-petit-trefle\/","title":{"rendered":"collier Petit Trefle"},"content":{"rendered":"<p>chaine en laiton plaque \u00e0 l&#8217;or fin 24k<br \/>\n45cm r\u00e9glable<br \/>\npendentif en laiton plaque \u00e0 l&#8217;or fin 24k et cristaux<\/p>","protected":false},"excerpt":{"rendered":"<p>chaine en laiton plaque \u00e0 l&#8217;or fin 24k 45cm r\u00e9glable pendentif en laiton plaque \u00e0 l&#8217;or fin 24k et cristaux<\/p>","protected":false},"featured_media":8275,"template":"","meta":[],"product_brand":[],"product_cat":[165],"product_tag":[],"class_list":{"0":"post-7027","1":"product","2":"type-product","3":"status-publish","4":"has-post-thumbnail","6":"product_cat-colliers","8":"first","9":"outofstock","10":"shipping-taxable","11":"purchasable","12":"product-type-simple"},"_links":{"self":[{"href":"https:\/\/shakshouka.store\/en\/wp-json\/wp\/v2\/product\/7027","targetHints":{"allow":["GET"]}}],"collection":[{"href":"https:\/\/shakshouka.store\/en\/wp-json\/wp\/v2\/product"}],"about":[{"href":"https:\/\/shakshouka.store\/en\/wp-json\/wp\/v2\/types\/product"}],"wp:featuredmedia":[{"embeddable":true,"href":"https:\/\/shakshouka.store\/en\/wp-json\/wp\/v2\/media\/8275"}],"wp:attachment":[{"href":"https:\/\/shakshouka.store\/en\/wp-json\/wp\/v2\/media?parent=7027"}],"wp:term":[{"taxonomy":"product_brand","embeddable":true,"href":"https:\/\/shakshouka.store\/en\/wp-json\/wp\/v2\/product_brand?post=7027"},{"taxonomy":"product_cat","embeddable":true,"href":"https:\/\/shakshouka.store\/en\/wp-json\/wp\/v2\/product_cat?post=7027"},{"taxonomy":"product_tag","embeddable":true,"href":"https:\/\/shakshouka.store\/en\/wp-json\/wp\/v2\/product_tag?post=7027"}],"curies":[{"name":"wp","href":"https:\/\/api.w.org\/{rel}","templated":true}]}}