{"id":7023,"date":"2022-12-10T01:47:53","date_gmt":"2022-12-10T00:47:53","guid":{"rendered":"https:\/\/shakshouka.store\/?post_type=product&#038;p=7023"},"modified":"2024-09-26T16:08:52","modified_gmt":"2024-09-26T14:08:52","slug":"collier-trefle-moyen","status":"publish","type":"product","link":"https:\/\/shakshouka.store\/en\/boutique\/collier-trefle-moyen\/","title":{"rendered":"collier Trefle Moyen"},"content":{"rendered":"<p>chaine en laiton plaque \u00e0 l&#8217;or 24k<br \/>\n50cm r\u00e9glable<br \/>\npendentif en laiton plaque \u00e0 l&#8217;or fin 24k et cristaux<\/p>","protected":false},"excerpt":{"rendered":"<p>chaine en laiton plaque \u00e0 l&#8217;or 24k 50cm r\u00e9glable pendentif en laiton plaque \u00e0 l&#8217;or fin 24k et cristaux<\/p>","protected":false},"featured_media":8278,"template":"","meta":[],"product_brand":[],"product_cat":[165],"product_tag":[],"class_list":{"0":"post-7023","1":"product","2":"type-product","3":"status-publish","4":"has-post-thumbnail","6":"product_cat-colliers","8":"first","9":"outofstock","10":"shipping-taxable","11":"purchasable","12":"product-type-simple"},"_links":{"self":[{"href":"https:\/\/shakshouka.store\/en\/wp-json\/wp\/v2\/product\/7023","targetHints":{"allow":["GET"]}}],"collection":[{"href":"https:\/\/shakshouka.store\/en\/wp-json\/wp\/v2\/product"}],"about":[{"href":"https:\/\/shakshouka.store\/en\/wp-json\/wp\/v2\/types\/product"}],"wp:featuredmedia":[{"embeddable":true,"href":"https:\/\/shakshouka.store\/en\/wp-json\/wp\/v2\/media\/8278"}],"wp:attachment":[{"href":"https:\/\/shakshouka.store\/en\/wp-json\/wp\/v2\/media?parent=7023"}],"wp:term":[{"taxonomy":"product_brand","embeddable":true,"href":"https:\/\/shakshouka.store\/en\/wp-json\/wp\/v2\/product_brand?post=7023"},{"taxonomy":"product_cat","embeddable":true,"href":"https:\/\/shakshouka.store\/en\/wp-json\/wp\/v2\/product_cat?post=7023"},{"taxonomy":"product_tag","embeddable":true,"href":"https:\/\/shakshouka.store\/en\/wp-json\/wp\/v2\/product_tag?post=7023"}],"curies":[{"name":"wp","href":"https:\/\/api.w.org\/{rel}","templated":true}]}}