{"id":7017,"date":"2022-12-10T00:54:48","date_gmt":"2022-12-09T23:54:48","guid":{"rendered":"https:\/\/shakshouka.store\/?post_type=product&#038;p=7017"},"modified":"2025-03-14T15:48:20","modified_gmt":"2025-03-14T14:48:20","slug":"collier-grand-trefle","status":"publish","type":"product","link":"https:\/\/shakshouka.store\/en\/boutique\/collier-grand-trefle\/","title":{"rendered":"collier Grand Trefle"},"content":{"rendered":"<p>chaine en laiton plaque \u00e0 l&#8217;or fin 24k<br \/>\n 70cm r\u00e9glable<br \/>\npendentif en laiton plaque \u00e0 l&#8217;or fin 24k et cristaux <\/p>","protected":false},"excerpt":{"rendered":"<p>chaine en laiton plaque \u00e0 l&#8217;or fin 24k 70cm r\u00e9glable pendentif en laiton plaque \u00e0 l&#8217;or fin 24k et cristaux<\/p>","protected":false},"featured_media":8281,"template":"","meta":[],"product_brand":[],"product_cat":[165],"product_tag":[],"class_list":{"0":"post-7017","1":"product","2":"type-product","3":"status-publish","4":"has-post-thumbnail","6":"product_cat-colliers","8":"first","9":"outofstock","10":"sale","11":"shipping-taxable","12":"purchasable","13":"product-type-simple"},"_links":{"self":[{"href":"https:\/\/shakshouka.store\/en\/wp-json\/wp\/v2\/product\/7017","targetHints":{"allow":["GET"]}}],"collection":[{"href":"https:\/\/shakshouka.store\/en\/wp-json\/wp\/v2\/product"}],"about":[{"href":"https:\/\/shakshouka.store\/en\/wp-json\/wp\/v2\/types\/product"}],"wp:featuredmedia":[{"embeddable":true,"href":"https:\/\/shakshouka.store\/en\/wp-json\/wp\/v2\/media\/8281"}],"wp:attachment":[{"href":"https:\/\/shakshouka.store\/en\/wp-json\/wp\/v2\/media?parent=7017"}],"wp:term":[{"taxonomy":"product_brand","embeddable":true,"href":"https:\/\/shakshouka.store\/en\/wp-json\/wp\/v2\/product_brand?post=7017"},{"taxonomy":"product_cat","embeddable":true,"href":"https:\/\/shakshouka.store\/en\/wp-json\/wp\/v2\/product_cat?post=7017"},{"taxonomy":"product_tag","embeddable":true,"href":"https:\/\/shakshouka.store\/en\/wp-json\/wp\/v2\/product_tag?post=7017"}],"curies":[{"name":"wp","href":"https:\/\/api.w.org\/{rel}","templated":true}]}}