{"id":7003,"date":"2022-12-09T22:22:24","date_gmt":"2022-12-09T21:22:24","guid":{"rendered":"https:\/\/shakshouka.store\/?post_type=product&#038;p=7003"},"modified":"2025-07-29T13:33:26","modified_gmt":"2025-07-29T11:33:26","slug":"bague-anemone","status":"publish","type":"product","link":"https:\/\/shakshouka.store\/en\/boutique\/bague-anemone\/","title":{"rendered":"Bague An\u00e9mone"},"content":{"rendered":"<p>bague en laiton plaqu\u00e9 \u00e0 l&#8217;or 24k et cristaux<br \/>\nr\u00e9glable<\/p>","protected":false},"excerpt":{"rendered":"<p>bague en laiton plaqu\u00e9 \u00e0 l&#8217;or 24k et cristaux r\u00e9glable<\/p>","protected":false},"featured_media":8554,"template":"","meta":[],"product_brand":[],"product_cat":[163],"product_tag":[],"class_list":{"0":"post-7003","1":"product","2":"type-product","3":"status-publish","4":"has-post-thumbnail","6":"product_cat-bague","8":"first","9":"outofstock","10":"sale","11":"shipping-taxable","12":"purchasable","13":"product-type-simple"},"_links":{"self":[{"href":"https:\/\/shakshouka.store\/en\/wp-json\/wp\/v2\/product\/7003","targetHints":{"allow":["GET"]}}],"collection":[{"href":"https:\/\/shakshouka.store\/en\/wp-json\/wp\/v2\/product"}],"about":[{"href":"https:\/\/shakshouka.store\/en\/wp-json\/wp\/v2\/types\/product"}],"wp:featuredmedia":[{"embeddable":true,"href":"https:\/\/shakshouka.store\/en\/wp-json\/wp\/v2\/media\/8554"}],"wp:attachment":[{"href":"https:\/\/shakshouka.store\/en\/wp-json\/wp\/v2\/media?parent=7003"}],"wp:term":[{"taxonomy":"product_brand","embeddable":true,"href":"https:\/\/shakshouka.store\/en\/wp-json\/wp\/v2\/product_brand?post=7003"},{"taxonomy":"product_cat","embeddable":true,"href":"https:\/\/shakshouka.store\/en\/wp-json\/wp\/v2\/product_cat?post=7003"},{"taxonomy":"product_tag","embeddable":true,"href":"https:\/\/shakshouka.store\/en\/wp-json\/wp\/v2\/product_tag?post=7003"}],"curies":[{"name":"wp","href":"https:\/\/api.w.org\/{rel}","templated":true}]}}